{"id":73,"date":"2017-11-19T13:20:23","date_gmt":"2017-11-19T12:20:23","guid":{"rendered":"http:\/\/www.bw-work.com\/?page_id=73"},"modified":"2019-05-04T09:14:43","modified_gmt":"2019-05-04T07:14:43","slug":"ich","status":"publish","type":"page","link":"http:\/\/www.bw-work.com\/index.php\/ich\/","title":{"rendered":"Ich"},"content":{"rendered":"<p>Ob Archangelsk, Bishkek oder die <strong><em>Alserstra\u00dfe<\/em><\/strong>, die Analogkameras sind dabei und auch ein Texteditor, der sich freut, nicht nur Pythonsyntax anzeigen zu m\u00fcssen.<\/p>\n<p>mh @ bw-work . com (Michael Hummel)<\/p>\n<p>Letzte Ausstellungen:<\/p>\n<ul>\n<li>06 2019 Elena Chizhova. &#8222;City, written by memory&#8220; with the girl with the sledge on the cover (Pr\u00e4sentation 1. Juni auf dem Roten Platz)<\/li>\n<li>01 2018 Wien Gruppenausstellung (Serie &#8222;Nordbahnbr\u00fccke&#8220;)<\/li>\n<li>09\/10 2017 Wien: U-Versum (Analoge Lithprints von [Doppel]Belichtungen an und in der U6)<\/li>\n<li>2015 &#8222;Eng&#8220; Wien<\/li>\n<li>2015 &#8222;\u03c0\u03b1\u03bd\u03bf\u03c1\u03b1\u03bc\u03b1\u03c4\u03b1 \u03b5\u03bd\u03b4\u03bf\u03b8\u03b5\u03bd \/ Inner Panoramata&#8220; Wien<\/li>\n<li>2014 Regionalmuseum Archangelsk &#8211; Projekt f\u00fcr den WWF Landschaftsaufnahmen aus dem neugegr\u00fcndeten Nationalpark &#8222;Onega Pomorie&#8220; &#8211; Er\u00f6ffnung im Rahmen des &#8222;Earth Day&#8220; durch den russischen Umweltminister<\/li>\n<\/ul>\n<p>Ver\u00f6ffentlichungen:<\/p>\n<ul>\n<li><a href=\"https:\/\/kwerfeldein.de\/2015\/01\/31\/printing-landscapes\/\" target=\"_blank\" rel=\"noopener\">Kwerfeldein<\/a><\/li>\n<li>\n<p id=\"book-title\">FINE ART PHOTO Nr. 12<\/p>\n<\/li>\n<\/ul>\n<p>&nbsp;<\/p>\n<p><a href=\"http:\/\/www.bw-work.com\/wp-content\/uploads\/2017\/11\/selber.jpg\"><img loading=\"lazy\" class=\"alignnone size-full wp-image-74\" src=\"http:\/\/www.bw-work.com\/wp-content\/uploads\/2017\/11\/selber.jpg\" alt=\"\" width=\"724\" height=\"684\" srcset=\"http:\/\/www.bw-work.com\/wp-content\/uploads\/2017\/11\/selber.jpg 724w, http:\/\/www.bw-work.com\/wp-content\/uploads\/2017\/11\/selber-300x283.jpg 300w\" sizes=\"(max-width: 724px) 100vw, 724px\" \/><\/a><\/p>\n","protected":false},"excerpt":{"rendered":"<p>Ob Archangelsk, Bishkek oder die Alserstra\u00dfe, die Analogkameras sind dabei und auch ein Texteditor, der&#8230;<\/p>\n<div class=\"more-link-wrapper\"><a class=\"more-link\" href=\"http:\/\/www.bw-work.com\/index.php\/ich\/\">Beitrag lesen<span class=\"screen-reader-text\">Ich<\/span><\/a><\/div>\n","protected":false},"author":1,"featured_media":0,"parent":0,"menu_order":0,"comment_status":"closed","ping_status":"closed","template":"","meta":[],"_links":{"self":[{"href":"http:\/\/www.bw-work.com\/index.php\/wp-json\/wp\/v2\/pages\/73"}],"collection":[{"href":"http:\/\/www.bw-work.com\/index.php\/wp-json\/wp\/v2\/pages"}],"about":[{"href":"http:\/\/www.bw-work.com\/index.php\/wp-json\/wp\/v2\/types\/page"}],"author":[{"embeddable":true,"href":"http:\/\/www.bw-work.com\/index.php\/wp-json\/wp\/v2\/users\/1"}],"replies":[{"embeddable":true,"href":"http:\/\/www.bw-work.com\/index.php\/wp-json\/wp\/v2\/comments?post=73"}],"version-history":[{"count":6,"href":"http:\/\/www.bw-work.com\/index.php\/wp-json\/wp\/v2\/pages\/73\/revisions"}],"predecessor-version":[{"id":183,"href":"http:\/\/www.bw-work.com\/index.php\/wp-json\/wp\/v2\/pages\/73\/revisions\/183"}],"wp:attachment":[{"href":"http:\/\/www.bw-work.com\/index.php\/wp-json\/wp\/v2\/media?parent=73"}],"curies":[{"name":"wp","href":"https:\/\/api.w.org\/{rel}","templated":true}]}}